{"id":24,"date":"2018-11-23T12:50:20","date_gmt":"2018-11-23T11:50:20","guid":{"rendered":"http:\/\/www.net-complete.de\/wordpress\/?page_id=24"},"modified":"2023-09-27T13:50:07","modified_gmt":"2023-09-27T11:50:07","slug":"agb","status":"publish","type":"page","link":"https:\/\/www.net-complete.de\/?page_id=24","title":{"rendered":"AGB"},"content":{"rendered":"<p><strong>Allgemeine Gesch\u00e4ftsbedingungen der NET-complete GmbH &amp; Co. KG<br \/>\n<\/strong><\/p>\n<p>Stand September 2023<br \/>\nAGB\u2019s als PDF Download<\/p>\n<p><strong>Geltungsbereich<\/strong><\/p>\n<p>Nachstehende Bedingungen gelten f\u00fcr alle Angebote, Vertr\u00e4ge, Lieferungen und sonstige Leistungen, sofern sie nicht mit unserer ausdr\u00fccklichen Zustimmung abge\u00e4ndert werden. Sie gelten sp\u00e4testens mit Entgegennahme einer Teillieferung als vereinbart. Allgemeine Gesch\u00e4ftsbedingungen des K\u00e4ufers werden auch dann nicht verpflichtend, wenn wir ihnen nicht nochmals widersprechen.<\/p>\n<p><strong>Lieferungen und Leistungen<\/strong><\/p>\n<p>Angebote sind freibleibend. S\u00e4mtliche Vereinbarungen werden erst durch unsere schriftliche Best\u00e4tigung verbindlich, die stets als kaufm\u00e4nnisches Best\u00e4tigungsschreiben gilt. Von Mitarbeitern und Handelsvertretern getroffene, \u00fcber den Kauf hinausgehende m\u00fcndliche Nebenabreden bed\u00fcrfen zu Ihrer Wirksamkeit stets unserer schriftlichen Best\u00e4tigung. Die zum Angebot geh\u00f6renden Unterlagen wie Abbildungen, Zeichnungen, Gewichts- und Ma\u00dfangaben sind, soweit nicht anders vereinbart, nur ann\u00e4hernd ma\u00dfgebend. Eine Abweichung der Lieferung vom Angebot gilt als Erf\u00fcllung, wenn die Abweichung geringf\u00fcgig und dadurch f\u00fcr den K\u00e4ufer zumutbar ist. Insbesondere Abweichungen im Rahmen des technischen Fortschritts gelten als genehmigt. Teillieferungen sind in zumutbarem Umfang zul\u00e4ssig.<\/p>\n<p><strong>Preise und Zahlungsbedingungen<\/strong><\/p>\n<p>Preise verstehen sich, sofern nicht anders angegeben, ab Lager, ohne Installation, Schulung oder sonstige Nebenleistungen. Preise verstehen sich, sofern nicht anders angegeben, zuz\u00fcglich der gesetzlichen Mehrwertsteuer. Zahlungen sind, sofern nicht anders angegeben, 8 Tage nach Rechnungsdatum ohne jeden Abzug f\u00e4llig. Zahlungen gelten erst dann als erfolgt, wenn wir \u00fcber den Betrag verf\u00fcgen k\u00f6nnen. Bei Zahlungsverzug sind wir berechtigt, Verzugszinsen in H\u00f6he von 5% j\u00e4hrlich \u00fcber dem jeweiligen Diskontsatz der Deutschen Bundesbank, bei Nachweis eines h\u00f6heren Schadens, die von uns an unsere Bank zu entrichtenden Sollzinsen zu berechnen. Die Geltendmachung weitergehender Rechte behalten wir uns vor. Der K\u00e4ufer ist zur Aufrechnung nur dann berechtigt, wenn seine Gegenforderung entweder unbestritten oder rechtskr\u00e4ftig festgestellt ist. Unter Verzicht auf die Erfordernis der Gegenseitigkeit nach \u00a7387 BGB willigt der K\u00e4ufer ein, dass auch Forderungen von verbundenen Unternehmen aufgerechnet werden k\u00f6nnen.<\/p>\n<p><strong>Datenverarbeitung<\/strong><\/p>\n<p>Die Auftragsabwicklung erfolgt mit Hilfe automatischer Datenverarbeitung. Der Kunde erteilt hiermit seine ausdr\u00fcckliche Zustimmung zur Verarbeitung der Daten, die im Rahmen vertraglicher Beziehungen bekannt geworden und zur Vertragsabwicklung notwendig sind.<\/p>\n<p><strong>Eigentumsvorbehalt<\/strong><\/p>\n<p>Die gelieferte Ware bleibt bis zur Erf\u00fcllung unserer s\u00e4mtlichen Forderungen, auch aus fr\u00fcheren Lieferungen und Leistungen, unser Eigentum. Solange der Eigentumsvorbehalt besteht, sind nur mit unserer schriftlichen Zustimmung eine Ver\u00e4u\u00dferung, Verpf\u00e4ndung, Sicherheits\u00fcbereignung, Vermietung und anderweitige, unsere Sicherung beeintr\u00e4chtigende \u00dcberlassungen des Kaufgegenstandes sowie eine Ver\u00e4nderung zul\u00e4ssig. Wird gelieferte Ware umgebildet, erfolgt dies, ohne dass wir weitergehende Verpflichtungen \u00fcbernehmen. Zu Test- und Vorf\u00fchrzwecken installierte Software ist unser Eigentum. Der K\u00e4ufer verpflichtet sich, mit dem Kauf des Systems diese zu l\u00f6schen. Bei Pf\u00e4ndungen oder sonstigen Eingriffen Dritter hat der K\u00e4ufer uns unter \u00dcbersendung eines Pf\u00e4ndungsprotokolls sowie einer eidesstattlichen Versicherung \u00fcber die Identit\u00e4t des gepf\u00e4ndeten Gegenstandes zu benachrichtigen.<\/p>\n<p><strong>Gew\u00e4hrleistung<\/strong><\/p>\n<p>Der Kunde hat die Ware unverz\u00fcglich nach Erhalt auf Vollst\u00e4ndigkeit, \u00dcbereinstimmung mit den Lieferpapieren und Mangelhaftigkeit zu \u00fcberpr\u00fcfen. Unterbleibt eine schriftliche Beanstandung innerhalb von vier Tagen ab Lieferscheindatum, gilt die Ware als ordnungsgem\u00e4\u00df und vollst\u00e4ndig geliefert. Falls keine abweichende individuelle Regelung getroffen wird, betr\u00e4gt die Gew\u00e4hrleistungszeit f\u00fcr Privatkunden 24 Monate, f\u00fcr gewerbliche Kunden 12 Monate. Weitergehende Garantie- und Gew\u00e4hrleistungszusagen der Hersteller gibt NET-complete in vollem Umfang an den Kunden weiter, ohne daf\u00fcr selbst einzustehen. Damit verbundene Nebenkosten (z.B. Transportkosten, Verpackungskosten) sowie eine angemessene Aufwandspauschale tr\u00e4gt der Kunde. NET-complete gew\u00e4hrleistet, dass die Vertragsprodukte nicht mit wesentlichen M\u00e4ngeln behaftet und f\u00fcr die nach dem Vertrag vorrausgesetzte Verwendung geeignet sind bzw. sich f\u00fcr die gew\u00f6hnliche Verwendung eignen. Dabei sind sich die Partner bewusst, dass es nach dem Stand der Technik nicht m\u00f6glich ist, Fehler der Software unter allen Anwendungsbedingungen auszuschlie\u00dfen. NET-complete \u00fcbernimmt keine Gew\u00e4hr daf\u00fcr, dass die Funktionen von Software den Anforderungen des Kunden gen\u00fcgen und die Vertragsprodukte in der vom Kunden getroffenen Auswahl zusammenarbeiten. Eine Haftung f\u00fcr Sachm\u00e4ngel besteht nur, sofern die Ursache des Sachmangels bereits zum Zeitpunkt des Gefahren\u00fcbergangs vorlag. Bei Vorliegen eines Sachmangels erfolgt nach Wahl von NET-complete zun\u00e4chst Nachbesserung oder Ersatzlieferung. Ersetzte Teile gehen in das Eigentum von NET-complete \u00fcber. Ist NET-complete zur Nachbesserung oder Ersatzlieferung nicht in der Lage, ist der Kunde zur Minderung des Kaufpreises oder zum R\u00fccktritt vom Kaufvertrag berechtigt.<\/p>\n<p>Sachm\u00e4ngel bestehen nicht<\/p>\n<ul>\n<li>bei nur unerheblicher Abweichung oder Beeintr\u00e4chtigung von der vereinbarten Beschaffenheit<\/li>\n<li>wenn das Produkt durch den Kunden oder Dritte ver\u00e4ndert, unsachgem\u00e4\u00df installiert, gewartet, repariert, gelagert, benutzt oder Umgebungsbedingungen ausgesetzt wird, die nicht den Installationsanforderungen des Herstellers entsprechen, es sei denn, der Kunde weist nach, dass diese Umst\u00e4nde nicht urs\u00e4chlich f\u00fcr den ger\u00fcgten Mangel sind.<\/li>\n<li>wenn Seriennummer, Typbezeichnung oder \u00e4hnliche Kennzeichen entfernt oder unleserlich gemacht werden.<\/li>\n<li>f\u00fcr Verschlei\u00dfteile, Verbrauchsmaterial, Medien etc.<\/li>\n<\/ul>\n<p><strong>Haftung<\/strong><\/p>\n<p>Soweit die Schadensursache nicht auf Vorsatz oder grober Fahrl\u00e4ssigkeit beruht, haftet NET-complete nicht f\u00fcr Sch\u00e4den, die nicht am Liefergegenstand selbst entstanden sind, insbesondere haftet NET-complete nicht f\u00fcr den Verlust von Daten, entgangenen Gewinn oder sonstige Verm\u00f6genssch\u00e4den des Kunden. Gleiches gilt f\u00fcr Termine und Fristen.<\/p>\n<p><strong>Allgemeine Bestimmungen<\/strong><\/p>\n<p>Es gilt ausschlie\u00dflich das Recht der Bundesrepublik Deutschland. Die Anwendung des einheitlichen internationalen Kaufrechts ist ausgeschlossen. F\u00fcr Vertr\u00e4ge mit Vollkaufleuten und juristischen Personen des \u00f6ffentlichen Rechts wird Dresden als ausschlie\u00dflicher Gerichtsstand vereinbart. Der Kunde ist nicht berechtigt, seine Anspr\u00fcche aus dem Vertrag abzutreten. Sollten eine oder mehrere Regelungen dieser AGB unwirksam sein, so zieht dies nicht die Unwirksamkeit des gesamten Vertrages nach sich. Die unwirksame Regelung wird durch die einschl\u00e4gige gesetzliche Regelung ersetzt.<\/p>\n","protected":false},"excerpt":{"rendered":"<p>Allgemeine Gesch\u00e4ftsbedingungen der NET-complete GmbH &amp; Co. KG Stand September 2023 AGB\u2019s als PDF Download Geltungsbereich Nachstehende Bedingungen gelten f\u00fcr alle Angebote, Vertr\u00e4ge, Lieferungen und sonstige Leistungen, sofern sie nicht mit unserer ausdr\u00fccklichen Zustimmung&#46;&#46;&#46;<\/p>\n","protected":false},"author":1,"featured_media":0,"parent":0,"menu_order":0,"comment_status":"closed","ping_status":"closed","template":"","meta":[],"_links":{"self":[{"href":"https:\/\/www.net-complete.de\/index.php?rest_route=\/wp\/v2\/pages\/24"}],"collection":[{"href":"https:\/\/www.net-complete.de\/index.php?rest_route=\/wp\/v2\/pages"}],"about":[{"href":"https:\/\/www.net-complete.de\/index.php?rest_route=\/wp\/v2\/types\/page"}],"author":[{"embeddable":true,"href":"https:\/\/www.net-complete.de\/index.php?rest_route=\/wp\/v2\/users\/1"}],"replies":[{"embeddable":true,"href":"https:\/\/www.net-complete.de\/index.php?rest_route=%2Fwp%2Fv2%2Fcomments&post=24"}],"version-history":[{"count":6,"href":"https:\/\/www.net-complete.de\/index.php?rest_route=\/wp\/v2\/pages\/24\/revisions"}],"predecessor-version":[{"id":172,"href":"https:\/\/www.net-complete.de\/index.php?rest_route=\/wp\/v2\/pages\/24\/revisions\/172"}],"wp:attachment":[{"href":"https:\/\/www.net-complete.de\/index.php?rest_route=%2Fwp%2Fv2%2Fmedia&parent=24"}],"curies":[{"name":"wp","href":"https:\/\/api.w.org\/{rel}","templated":true}]}}