{"id":9,"date":"2018-11-22T23:25:05","date_gmt":"2018-11-22T22:25:05","guid":{"rendered":"http:\/\/www.net-complete.de\/wordpress\/?page_id=9"},"modified":"2018-11-24T20:30:44","modified_gmt":"2018-11-24T19:30:44","slug":"fernwartung","status":"publish","type":"page","link":"https:\/\/www.net-complete.de\/?page_id=9","title":{"rendered":"Fernwartung"},"content":{"rendered":"<p>F\u00fcr eine schnelle, effiziente Unterst\u00fctzung besteht die M\u00f6glichkeit einer Fernwartung mit dem Fernwartungstool PC-Visit.<\/p>\n<p>Mit Klick auf &#8222;KUNDEN-MODUL &#8211; jetzt starten&#8220; wird diese gestartet.<\/p>\n<p><a title=\"Kunden-Modul pcvisit Support 15.0 starten\" href=\"https:\/\/nacl.pcvisit.com:443\/stable_update\/v1\/hosted\/jumplink?productid=18&amp;func=download&amp;productrole=guestSetup&amp;companyid=759434639&amp;gateway=lb3.pcvisit.de\"><img decoding=\"async\" style=\"border: none;\" src=\"https:\/\/bpl.pcvisit.com\/stable_update\/v1\/hosted\/jumplink?func=external_website&amp;langid=de&amp;topic=client_image\" alt=\"Kunden-Modul pcvisit Support 15.0 starten\" \/><\/a><\/p>\n","protected":false},"excerpt":{"rendered":"<p>F\u00fcr eine schnelle, effiziente Unterst\u00fctzung besteht die M\u00f6glichkeit einer Fernwartung mit dem Fernwartungstool PC-Visit. Mit Klick auf &#8222;KUNDEN-MODUL &#8211; jetzt starten&#8220; wird diese gestartet.<\/p>\n","protected":false},"author":1,"featured_media":0,"parent":0,"menu_order":0,"comment_status":"closed","ping_status":"closed","template":"","meta":[],"_links":{"self":[{"href":"https:\/\/www.net-complete.de\/index.php?rest_route=\/wp\/v2\/pages\/9"}],"collection":[{"href":"https:\/\/www.net-complete.de\/index.php?rest_route=\/wp\/v2\/pages"}],"about":[{"href":"https:\/\/www.net-complete.de\/index.php?rest_route=\/wp\/v2\/types\/page"}],"author":[{"embeddable":true,"href":"https:\/\/www.net-complete.de\/index.php?rest_route=\/wp\/v2\/users\/1"}],"replies":[{"embeddable":true,"href":"https:\/\/www.net-complete.de\/index.php?rest_route=%2Fwp%2Fv2%2Fcomments&post=9"}],"version-history":[{"count":5,"href":"https:\/\/www.net-complete.de\/index.php?rest_route=\/wp\/v2\/pages\/9\/revisions"}],"predecessor-version":[{"id":82,"href":"https:\/\/www.net-complete.de\/index.php?rest_route=\/wp\/v2\/pages\/9\/revisions\/82"}],"wp:attachment":[{"href":"https:\/\/www.net-complete.de\/index.php?rest_route=%2Fwp%2Fv2%2Fmedia&parent=9"}],"curies":[{"name":"wp","href":"https:\/\/api.w.org\/{rel}","templated":true}]}}